{"id":130,"date":"2026-04-21T07:37:28","date_gmt":"2026-04-21T07:37:28","guid":{"rendered":"https:\/\/dev.mediadome.at\/grebenzenhaus\/?page_id=130"},"modified":"2026-04-21T08:30:27","modified_gmt":"2026-04-21T08:30:27","slug":"impressum","status":"publish","type":"page","link":"https:\/\/dev.mediadome.at\/grebenzenhaus\/?page_id=130","title":{"rendered":"Impressum"},"content":{"rendered":"\t\t<div data-elementor-type=\"wp-page\" data-elementor-id=\"130\" class=\"elementor elementor-130\" data-elementor-post-type=\"page\">\n\t\t\t\t<div class=\"elementor-element elementor-element-de48c06 e-flex e-con-boxed e-con e-parent\" data-id=\"de48c06\" data-element_type=\"container\" data-e-type=\"container\">\n\t\t\t\t\t<div class=\"e-con-inner\">\n\t\t\t\t<div class=\"elementor-element elementor-element-a5dbcfc elementor-widget elementor-widget-heading\" data-id=\"a5dbcfc\" data-element_type=\"widget\" data-e-type=\"widget\" data-widget_type=\"heading.default\">\n\t\t\t\t\t<h2 class=\"elementor-heading-title elementor-size-default\">Impressum<\/h2>\t\t\t\t<\/div>\n\t\t\t\t<div class=\"elementor-element elementor-element-7db138c elementor-widget elementor-widget-text-editor\" data-id=\"7db138c\" data-element_type=\"widget\" data-e-type=\"widget\" data-widget_type=\"text-editor.default\">\n\t\t\t\t\t\t\t\t\t<p><strong>Almgasthof Grebenzenhaus<\/strong><\/p><p>Schwarzenbach 10, 8813 St. Lambrecht<\/p><p>Ein Betrieb der<\/p><p><strong><em>Grebenzen Hotel- und Restaurantbetriebs GmbH<\/em><\/strong><br \/>Pabstin 4, 8813 St. Lambrecht<\/p><p>Gesch\u00e4ftsf\u00fchrer: Johannes Miedl-Sperl, MA<\/p><p>UID-Nr.: ATU77898312<\/p><p>FB-Gericht: Leoben<br \/>Firmensitz : Schwarzenbach 10 | 8813 St. Lambrecht<br \/>Kontakt:\u00a0\u00a0<a href=\"tel: +43 3585 27559\">+43 3585 27559<\/a>\u00a0|\u00a0<a href=\"mailto:info@grebenzenhaus.at\">info@grebenzenhaus.at<\/a><\/p><p>Mitglieder der WK\u00d6 | WKSTMK<br \/>FG Hotellerie | Gasth\u00f6fe mit Beherbergung ab 9 G\u00e4stebetten<br \/>Gewerbebeh\u00f6rde:\u00a0 BH Murau<\/p>\t\t\t\t\t\t\t\t<\/div>\n\t\t\t\t\t<\/div>\n\t\t\t\t<\/div>\n\t\t\t\t<\/div>\n\t\t","protected":false},"excerpt":{"rendered":"<p>Impressum Almgasthof Grebenzenhaus Schwarzenbach 10, 8813 St. Lambrecht Ein Betrieb der Grebenzen Hotel- und Restaurantbetriebs GmbHPabstin 4, 8813 St. Lambrecht Gesch\u00e4ftsf\u00fchrer: Johannes Miedl-Sperl, MA UID-Nr.: ATU77898312 FB-Gericht: LeobenFirmensitz : Schwarzenbach 10 | 8813 St. LambrechtKontakt:\u00a0\u00a0+43 3585 27559\u00a0|\u00a0info@grebenzenhaus.at Mitglieder der WK\u00d6 | WKSTMKFG Hotellerie | Gasth\u00f6fe mit Beherbergung ab 9 G\u00e4stebettenGewerbebeh\u00f6rde:\u00a0 BH Murau<\/p>\n","protected":false},"author":1,"featured_media":0,"parent":0,"menu_order":0,"comment_status":"closed","ping_status":"closed","template":"","meta":{"footnotes":""},"class_list":["post-130","page","type-page","status-publish","hentry"],"_links":{"self":[{"href":"https:\/\/dev.mediadome.at\/grebenzenhaus\/index.php?rest_route=\/wp\/v2\/pages\/130","targetHints":{"allow":["GET"]}}],"collection":[{"href":"https:\/\/dev.mediadome.at\/grebenzenhaus\/index.php?rest_route=\/wp\/v2\/pages"}],"about":[{"href":"https:\/\/dev.mediadome.at\/grebenzenhaus\/index.php?rest_route=\/wp\/v2\/types\/page"}],"author":[{"embeddable":true,"href":"https:\/\/dev.mediadome.at\/grebenzenhaus\/index.php?rest_route=\/wp\/v2\/users\/1"}],"replies":[{"embeddable":true,"href":"https:\/\/dev.mediadome.at\/grebenzenhaus\/index.php?rest_route=%2Fwp%2Fv2%2Fcomments&post=130"}],"version-history":[{"count":4,"href":"https:\/\/dev.mediadome.at\/grebenzenhaus\/index.php?rest_route=\/wp\/v2\/pages\/130\/revisions"}],"predecessor-version":[{"id":175,"href":"https:\/\/dev.mediadome.at\/grebenzenhaus\/index.php?rest_route=\/wp\/v2\/pages\/130\/revisions\/175"}],"wp:attachment":[{"href":"https:\/\/dev.mediadome.at\/grebenzenhaus\/index.php?rest_route=%2Fwp%2Fv2%2Fmedia&parent=130"}],"curies":[{"name":"wp","href":"https:\/\/api.w.org\/{rel}","templated":true}]}}