{"id":113,"date":"2026-04-28T08:28:53","date_gmt":"2026-04-28T08:28:53","guid":{"rendered":"https:\/\/dev.mediadome.at\/uhren-klauber\/?page_id=113"},"modified":"2026-04-28T09:30:41","modified_gmt":"2026-04-28T09:30:41","slug":"team","status":"publish","type":"page","link":"https:\/\/dev.mediadome.at\/uhren-klauber\/?page_id=113","title":{"rendered":"Team"},"content":{"rendered":"\t\t<div data-elementor-type=\"wp-page\" data-elementor-id=\"113\" class=\"elementor elementor-113\" data-elementor-post-type=\"page\">\n\t\t\t\t<div data-particle_enable=\"false\" data-particle-mobile-disabled=\"false\" class=\"elementor-element elementor-element-983255b e-flex e-con-boxed e-con e-parent\" data-id=\"983255b\" data-element_type=\"container\" data-e-type=\"container\" data-settings=\"{&quot;background_background&quot;:&quot;classic&quot;}\">\n\t\t\t\t\t<div class=\"e-con-inner\">\n\t\t\t\t\t<\/div>\n\t\t\t\t<\/div>\n\t\t<div data-particle_enable=\"false\" data-particle-mobile-disabled=\"false\" class=\"elementor-element elementor-element-a86797c e-flex e-con-boxed e-con e-parent\" data-id=\"a86797c\" data-element_type=\"container\" data-e-type=\"container\">\n\t\t\t\t\t<div class=\"e-con-inner\">\n\t\t\t\t<div class=\"elementor-element elementor-element-591cd52 elementor-widget elementor-widget-heading\" data-id=\"591cd52\" data-element_type=\"widget\" data-e-type=\"widget\" data-widget_type=\"heading.default\">\n\t\t\t\t\t<h1 class=\"elementor-heading-title elementor-size-default\">Unser Team<\/h1>\t\t\t\t<\/div>\n\t\t\t\t\t<\/div>\n\t\t\t\t<\/div>\n\t\t<div data-particle_enable=\"false\" data-particle-mobile-disabled=\"false\" class=\"elementor-element elementor-element-276d148 e-flex e-con-boxed e-con e-parent\" data-id=\"276d148\" data-element_type=\"container\" data-e-type=\"container\">\n\t\t\t\t\t<div class=\"e-con-inner\">\n\t\t<div data-particle_enable=\"false\" data-particle-mobile-disabled=\"false\" class=\"elementor-element elementor-element-b6d3a19 e-con-full e-flex e-con e-child\" data-id=\"b6d3a19\" data-element_type=\"container\" data-e-type=\"container\" data-settings=\"{&quot;background_background&quot;:&quot;classic&quot;}\">\n\t\t<div data-particle_enable=\"false\" data-particle-mobile-disabled=\"false\" class=\"elementor-element elementor-element-69621a4 e-con-full e-flex e-con e-child\" data-id=\"69621a4\" data-element_type=\"container\" data-e-type=\"container\">\n\t\t\t\t<div class=\"elementor-element elementor-element-ebd21ef elementor-widget elementor-widget-image\" data-id=\"ebd21ef\" data-element_type=\"widget\" data-e-type=\"widget\" data-widget_type=\"image.default\">\n\t\t\t\t\t\t\t\t\t\t\t\t\t\t\t<img fetchpriority=\"high\" decoding=\"async\" width=\"683\" height=\"1024\" src=\"https:\/\/dev.mediadome.at\/uhren-klauber\/wp-content\/uploads\/2026\/04\/DSC_2382-Bearbeitet-683x1024-1.jpg\" class=\"attachment-large size-large wp-image-121\" alt=\"\" srcset=\"https:\/\/dev.mediadome.at\/uhren-klauber\/wp-content\/uploads\/2026\/04\/DSC_2382-Bearbeitet-683x1024-1.jpg 683w, https:\/\/dev.mediadome.at\/uhren-klauber\/wp-content\/uploads\/2026\/04\/DSC_2382-Bearbeitet-683x1024-1-200x300.jpg 200w\" sizes=\"(max-width: 683px) 100vw, 683px\" \/>\t\t\t\t\t\t\t\t\t\t\t\t\t\t\t<\/div>\n\t\t\t\t<\/div>\n\t\t<div data-particle_enable=\"false\" data-particle-mobile-disabled=\"false\" class=\"elementor-element elementor-element-0acad3c e-con-full e-flex e-con e-child\" data-id=\"0acad3c\" data-element_type=\"container\" data-e-type=\"container\" data-settings=\"{&quot;background_background&quot;:&quot;classic&quot;}\">\n\t\t\t\t<div class=\"elementor-element elementor-element-95ff620 elementor-widget elementor-widget-heading\" data-id=\"95ff620\" data-element_type=\"widget\" data-e-type=\"widget\" data-widget_type=\"heading.default\">\n\t\t\t\t\t<h2 class=\"elementor-heading-title elementor-size-default\">Lukas<\/h2>\t\t\t\t<\/div>\n\t\t\t\t<div class=\"elementor-element elementor-element-aa37587 elementor-widget elementor-widget-text-editor\" data-id=\"aa37587\" data-element_type=\"widget\" data-e-type=\"widget\" data-widget_type=\"text-editor.default\">\n\t\t\t\t\t\t\t\t\t<p>Gesch\u00e4ftsf\u00fchrer, Verkauf, <br \/>Werkstatt, Trauringberatung<\/p><p><a style=\"color: white;\" href=\"mailto:lukas@uhren-klauber.at\">lukas@uhren-klauber.at<\/a><\/p><p><a style=\"color: white;\" href=\"tel:+436645929348\">0664\/5929348<\/a><\/p>\t\t\t\t\t\t\t\t<\/div>\n\t\t\t\t<\/div>\n\t\t\t\t<\/div>\n\t\t<div data-particle_enable=\"false\" data-particle-mobile-disabled=\"false\" class=\"elementor-element elementor-element-76f7dce e-con-full e-flex e-con e-child\" data-id=\"76f7dce\" data-element_type=\"container\" data-e-type=\"container\" data-settings=\"{&quot;background_background&quot;:&quot;classic&quot;}\">\n\t\t<div data-particle_enable=\"false\" data-particle-mobile-disabled=\"false\" class=\"elementor-element elementor-element-78cb6d1 e-con-full e-flex e-con e-child\" data-id=\"78cb6d1\" data-element_type=\"container\" data-e-type=\"container\" data-settings=\"{&quot;background_background&quot;:&quot;classic&quot;}\">\n\t\t\t\t<div class=\"elementor-element elementor-element-e933be1 elementor-widget elementor-widget-image\" data-id=\"e933be1\" data-element_type=\"widget\" data-e-type=\"widget\" data-widget_type=\"image.default\">\n\t\t\t\t\t\t\t\t\t\t\t\t\t\t\t<img decoding=\"async\" width=\"683\" height=\"1024\" src=\"https:\/\/dev.mediadome.at\/uhren-klauber\/wp-content\/uploads\/2026\/04\/DSC_2384-Bearbeitet-683x1024-1.jpg\" class=\"attachment-large size-large wp-image-120\" alt=\"\" srcset=\"https:\/\/dev.mediadome.at\/uhren-klauber\/wp-content\/uploads\/2026\/04\/DSC_2384-Bearbeitet-683x1024-1.jpg 683w, https:\/\/dev.mediadome.at\/uhren-klauber\/wp-content\/uploads\/2026\/04\/DSC_2384-Bearbeitet-683x1024-1-200x300.jpg 200w\" sizes=\"(max-width: 683px) 100vw, 683px\" \/>\t\t\t\t\t\t\t\t\t\t\t\t\t\t\t<\/div>\n\t\t\t\t<\/div>\n\t\t<div data-particle_enable=\"false\" data-particle-mobile-disabled=\"false\" class=\"elementor-element elementor-element-71161e0 e-con-full e-flex e-con e-child\" data-id=\"71161e0\" data-element_type=\"container\" data-e-type=\"container\" data-settings=\"{&quot;background_background&quot;:&quot;classic&quot;}\">\n\t\t\t\t<div class=\"elementor-element elementor-element-3c29165 elementor-widget elementor-widget-heading\" data-id=\"3c29165\" data-element_type=\"widget\" data-e-type=\"widget\" data-widget_type=\"heading.default\">\n\t\t\t\t\t<h2 class=\"elementor-heading-title elementor-size-default\">Thomas <\/h2>\t\t\t\t<\/div>\n\t\t\t\t<div class=\"elementor-element elementor-element-6a5c16c elementor-widget elementor-widget-text-editor\" data-id=\"6a5c16c\" data-element_type=\"widget\" data-e-type=\"widget\" data-widget_type=\"text-editor.default\">\n\t\t\t\t\t\t\t\t\t<p>Seit \u00fcber 30 Jahren zust\u00e4ndig f\u00fcr Reparatur und die Gravur.<\/p><p><a href=\"mailto:thomas@uhren-klauber.at\">thomas@uhren-klauber.at<\/a><\/p>\t\t\t\t\t\t\t\t<\/div>\n\t\t\t\t<\/div>\n\t\t\t\t<\/div>\n\t\t<div data-particle_enable=\"false\" data-particle-mobile-disabled=\"false\" class=\"elementor-element elementor-element-24e055a e-con-full e-flex e-con e-child\" data-id=\"24e055a\" data-element_type=\"container\" data-e-type=\"container\" data-settings=\"{&quot;background_background&quot;:&quot;classic&quot;}\">\n\t\t<div data-particle_enable=\"false\" data-particle-mobile-disabled=\"false\" class=\"elementor-element elementor-element-ba3a2e7 e-con-full e-flex e-con e-child\" data-id=\"ba3a2e7\" data-element_type=\"container\" data-e-type=\"container\">\n\t\t\t\t<div class=\"elementor-element elementor-element-a573d7e elementor-widget elementor-widget-image\" data-id=\"a573d7e\" data-element_type=\"widget\" data-e-type=\"widget\" data-widget_type=\"image.default\">\n\t\t\t\t\t\t\t\t\t\t\t\t\t\t\t<img decoding=\"async\" width=\"367\" height=\"596\" src=\"https:\/\/dev.mediadome.at\/uhren-klauber\/wp-content\/uploads\/2026\/04\/uhren-klauber-5-e1777368445904.jpg\" class=\"attachment-large size-large wp-image-75\" alt=\"\" srcset=\"https:\/\/dev.mediadome.at\/uhren-klauber\/wp-content\/uploads\/2026\/04\/uhren-klauber-5-e1777368445904.jpg 367w, https:\/\/dev.mediadome.at\/uhren-klauber\/wp-content\/uploads\/2026\/04\/uhren-klauber-5-e1777368445904-185x300.jpg 185w\" sizes=\"(max-width: 367px) 100vw, 367px\" \/>\t\t\t\t\t\t\t\t\t\t\t\t\t\t\t<\/div>\n\t\t\t\t<\/div>\n\t\t<div data-particle_enable=\"false\" data-particle-mobile-disabled=\"false\" class=\"elementor-element elementor-element-1babb06 e-con-full e-flex e-con e-child\" data-id=\"1babb06\" data-element_type=\"container\" data-e-type=\"container\" data-settings=\"{&quot;background_background&quot;:&quot;classic&quot;}\">\n\t\t\t\t<div class=\"elementor-element elementor-element-4bdd25b elementor-widget elementor-widget-heading\" data-id=\"4bdd25b\" data-element_type=\"widget\" data-e-type=\"widget\" data-widget_type=\"heading.default\">\n\t\t\t\t\t<h2 class=\"elementor-heading-title elementor-size-default\">Michelle<\/h2>\t\t\t\t<\/div>\n\t\t\t\t<div class=\"elementor-element elementor-element-7d5811a elementor-widget elementor-widget-text-editor\" data-id=\"7d5811a\" data-element_type=\"widget\" data-e-type=\"widget\" data-widget_type=\"text-editor.default\">\n\t\t\t\t\t\t\t\t\t<p>Verkauf, Trauringberatung<\/p>\t\t\t\t\t\t\t\t<\/div>\n\t\t\t\t<\/div>\n\t\t\t\t<\/div>\n\t\t<div data-particle_enable=\"false\" data-particle-mobile-disabled=\"false\" class=\"elementor-element elementor-element-af3c4e4 e-con-full e-flex e-con e-child\" data-id=\"af3c4e4\" data-element_type=\"container\" data-e-type=\"container\" data-settings=\"{&quot;background_background&quot;:&quot;classic&quot;}\">\n\t\t<div data-particle_enable=\"false\" data-particle-mobile-disabled=\"false\" class=\"elementor-element elementor-element-ddc4bad e-con-full e-flex e-con e-child\" data-id=\"ddc4bad\" data-element_type=\"container\" data-e-type=\"container\">\n\t\t\t\t<div class=\"elementor-element elementor-element-c30c412 elementor-widget elementor-widget-image\" data-id=\"c30c412\" data-element_type=\"widget\" data-e-type=\"widget\" data-widget_type=\"image.default\">\n\t\t\t\t\t\t\t\t\t\t\t\t\t\t\t<img loading=\"lazy\" decoding=\"async\" width=\"683\" height=\"1024\" src=\"https:\/\/dev.mediadome.at\/uhren-klauber\/wp-content\/uploads\/2026\/04\/DSC_2391-Bearbeitet-683x1024-1.jpg\" class=\"attachment-large size-large wp-image-119\" alt=\"\" srcset=\"https:\/\/dev.mediadome.at\/uhren-klauber\/wp-content\/uploads\/2026\/04\/DSC_2391-Bearbeitet-683x1024-1.jpg 683w, https:\/\/dev.mediadome.at\/uhren-klauber\/wp-content\/uploads\/2026\/04\/DSC_2391-Bearbeitet-683x1024-1-200x300.jpg 200w\" sizes=\"(max-width: 683px) 100vw, 683px\" \/>\t\t\t\t\t\t\t\t\t\t\t\t\t\t\t<\/div>\n\t\t\t\t<\/div>\n\t\t<div data-particle_enable=\"false\" data-particle-mobile-disabled=\"false\" class=\"elementor-element elementor-element-d9a3601 e-con-full e-flex e-con e-child\" data-id=\"d9a3601\" data-element_type=\"container\" data-e-type=\"container\" data-settings=\"{&quot;background_background&quot;:&quot;classic&quot;}\">\n\t\t\t\t<div class=\"elementor-element elementor-element-5c33427 elementor-widget elementor-widget-heading\" data-id=\"5c33427\" data-element_type=\"widget\" data-e-type=\"widget\" data-widget_type=\"heading.default\">\n\t\t\t\t\t<h2 class=\"elementor-heading-title elementor-size-default\">Margret<\/h2>\t\t\t\t<\/div>\n\t\t\t\t<div class=\"elementor-element elementor-element-a1c7023 elementor-widget elementor-widget-text-editor\" data-id=\"a1c7023\" data-element_type=\"widget\" data-e-type=\"widget\" data-widget_type=\"text-editor.default\">\n\t\t\t\t\t\t\t\t\t<p>die gute Seele von Uhren Klauber, Einkauf, Verkauf, Buchhaltung<\/p>\t\t\t\t\t\t\t\t<\/div>\n\t\t\t\t<\/div>\n\t\t\t\t<\/div>\n\t\t<div data-particle_enable=\"false\" data-particle-mobile-disabled=\"false\" class=\"elementor-element elementor-element-6e46e64 e-con-full e-flex e-con e-child\" data-id=\"6e46e64\" data-element_type=\"container\" data-e-type=\"container\" data-settings=\"{&quot;background_background&quot;:&quot;classic&quot;}\">\n\t\t<div data-particle_enable=\"false\" data-particle-mobile-disabled=\"false\" class=\"elementor-element elementor-element-3204e34 e-con-full e-flex e-con e-child\" data-id=\"3204e34\" data-element_type=\"container\" data-e-type=\"container\">\n\t\t\t\t<div class=\"elementor-element elementor-element-ebc66cd elementor-widget elementor-widget-image\" data-id=\"ebc66cd\" data-element_type=\"widget\" data-e-type=\"widget\" data-widget_type=\"image.default\">\n\t\t\t\t\t\t\t\t\t\t\t\t\t\t\t<img loading=\"lazy\" decoding=\"async\" width=\"683\" height=\"1024\" src=\"https:\/\/dev.mediadome.at\/uhren-klauber\/wp-content\/uploads\/2026\/04\/DSC_2396-Bearbeitet-683x1024-1.jpg\" class=\"attachment-large size-large wp-image-118\" alt=\"\" srcset=\"https:\/\/dev.mediadome.at\/uhren-klauber\/wp-content\/uploads\/2026\/04\/DSC_2396-Bearbeitet-683x1024-1.jpg 683w, https:\/\/dev.mediadome.at\/uhren-klauber\/wp-content\/uploads\/2026\/04\/DSC_2396-Bearbeitet-683x1024-1-200x300.jpg 200w\" sizes=\"(max-width: 683px) 100vw, 683px\" \/>\t\t\t\t\t\t\t\t\t\t\t\t\t\t\t<\/div>\n\t\t\t\t<\/div>\n\t\t<div data-particle_enable=\"false\" data-particle-mobile-disabled=\"false\" class=\"elementor-element elementor-element-5d5a40e e-con-full e-flex e-con e-child\" data-id=\"5d5a40e\" data-element_type=\"container\" data-e-type=\"container\" data-settings=\"{&quot;background_background&quot;:&quot;classic&quot;}\">\n\t\t\t\t<div class=\"elementor-element elementor-element-9c7ebb9 elementor-widget elementor-widget-heading\" data-id=\"9c7ebb9\" data-element_type=\"widget\" data-e-type=\"widget\" data-widget_type=\"heading.default\">\n\t\t\t\t\t<h2 class=\"elementor-heading-title elementor-size-default\">Toni <\/h2>\t\t\t\t<\/div>\n\t\t\t\t<div class=\"elementor-element elementor-element-bb255ef elementor-widget elementor-widget-text-editor\" data-id=\"bb255ef\" data-element_type=\"widget\" data-e-type=\"widget\" data-widget_type=\"text-editor.default\">\n\t\t\t\t\t\t\t\t\t<p>Seniorchef<\/p><p><a style=\"color: white;\" href=\"mailto:toni@uhren-klauber.at\">toni@uhren-klauber.at<\/a><\/p><p><a style=\"color: white;\" href=\"tel:06644750484\">0664\/4750484<\/a><\/p>\t\t\t\t\t\t\t\t<\/div>\n\t\t\t\t<\/div>\n\t\t\t\t<\/div>\n\t\t\t\t\t<\/div>\n\t\t\t\t<\/div>\n\t\t\t\t<\/div>\n\t\t","protected":false},"excerpt":{"rendered":"<p>Unser Team Lukas Gesch\u00e4ftsf\u00fchrer, Verkauf, Werkstatt, Trauringberatung lukas@uhren-klauber.at 0664\/5929348 Thomas Seit \u00fcber 30 Jahren zust\u00e4ndig f\u00fcr Reparatur und die Gravur. thomas@uhren-klauber.at Michelle Verkauf, Trauringberatung Margret die gute Seele von Uhren Klauber, Einkauf, Verkauf, Buchhaltung Toni Seniorchef toni@uhren-klauber.at 0664\/4750484<\/p>\n","protected":false},"author":1,"featured_media":0,"parent":0,"menu_order":0,"comment_status":"closed","ping_status":"closed","template":"","meta":{"footnotes":""},"class_list":["post-113","page","type-page","status-publish","hentry"],"_links":{"self":[{"href":"https:\/\/dev.mediadome.at\/uhren-klauber\/index.php?rest_route=\/wp\/v2\/pages\/113","targetHints":{"allow":["GET"]}}],"collection":[{"href":"https:\/\/dev.mediadome.at\/uhren-klauber\/index.php?rest_route=\/wp\/v2\/pages"}],"about":[{"href":"https:\/\/dev.mediadome.at\/uhren-klauber\/index.php?rest_route=\/wp\/v2\/types\/page"}],"author":[{"embeddable":true,"href":"https:\/\/dev.mediadome.at\/uhren-klauber\/index.php?rest_route=\/wp\/v2\/users\/1"}],"replies":[{"embeddable":true,"href":"https:\/\/dev.mediadome.at\/uhren-klauber\/index.php?rest_route=%2Fwp%2Fv2%2Fcomments&post=113"}],"version-history":[{"count":22,"href":"https:\/\/dev.mediadome.at\/uhren-klauber\/index.php?rest_route=\/wp\/v2\/pages\/113\/revisions"}],"predecessor-version":[{"id":143,"href":"https:\/\/dev.mediadome.at\/uhren-klauber\/index.php?rest_route=\/wp\/v2\/pages\/113\/revisions\/143"}],"wp:attachment":[{"href":"https:\/\/dev.mediadome.at\/uhren-klauber\/index.php?rest_route=%2Fwp%2Fv2%2Fmedia&parent=113"}],"curies":[{"name":"wp","href":"https:\/\/api.w.org\/{rel}","templated":true}]}}