{"id":22,"date":"2026-04-28T06:00:56","date_gmt":"2026-04-28T06:00:56","guid":{"rendered":"https:\/\/dev.mediadome.at\/uhren-klauber\/?page_id=22"},"modified":"2026-04-28T06:09:11","modified_gmt":"2026-04-28T06:09:11","slug":"impressum","status":"publish","type":"page","link":"https:\/\/dev.mediadome.at\/uhren-klauber\/?page_id=22","title":{"rendered":"Impressum"},"content":{"rendered":"\t\t<div data-elementor-type=\"wp-page\" data-elementor-id=\"22\" class=\"elementor elementor-22\" data-elementor-post-type=\"page\">\n\t\t\t\t<div data-particle_enable=\"false\" data-particle-mobile-disabled=\"false\" class=\"elementor-element elementor-element-7483579 e-flex e-con-boxed e-con e-parent\" data-id=\"7483579\" data-element_type=\"container\" data-e-type=\"container\">\n\t\t\t\t\t<div class=\"e-con-inner\">\n\t\t\t\t<div class=\"elementor-element elementor-element-a2053ae elementor-widget elementor-widget-heading\" data-id=\"a2053ae\" data-element_type=\"widget\" data-e-type=\"widget\" data-widget_type=\"heading.default\">\n\t\t\t\t\t<h2 class=\"elementor-heading-title elementor-size-default\">Impressum<\/h2>\t\t\t\t<\/div>\n\t\t\t\t<div class=\"elementor-element elementor-element-74e7455 elementor-widget elementor-widget-text-editor\" data-id=\"74e7455\" data-element_type=\"widget\" data-e-type=\"widget\" data-widget_type=\"text-editor.default\">\n\t\t\t\t\t\t\t\t\t<p><strong>Uhren Klauber<\/strong><\/p><p>Lukas Klauber<br \/>Grazer Stra\u00dfe 27<br \/>8850 Murau<\/p><p>Tel.:\u00a0<a href=\"tel:+4335322207\">+43 35 32 22 07<\/a><br \/>E-Mail:\u00a0<a href=\"mailto:toni@uhren-klauber.at\">toni@uhren-klauber.at<\/a><br \/>Web:\u00a0<a href=\"https:\/\/uhren-klauber.at\/\">www.uhren-klauber.at<\/a><\/p><p>\u00a0<\/p><p>Vertretungsberechtigte Personen:\u00a0Lukas Klauber<\/p><p>Sitz des Unternehmens: Murau<br \/>Gerichtsstand: Murau<br \/>Haftungsausschluss: Der Autor \u00fcbernimmt keinerlei Gew\u00e4hr hinsichtlich der inhaltlichen Richtigkeit, Genauigkeit, Aktualit\u00e4t, Zuverl\u00e4ssigkeit und Vollst\u00e4ndigkeit der Informationen. Haftungsanspr\u00fcche gegen den Autor wegen Sch\u00e4den materieller oder immaterieller Art, welche aus dem Zugriff oder der Nutzung bzw. Nichtnutzung der ver\u00f6ffentlichten Informationen, durch Missbrauch der Verbindung oder durch technische St\u00f6rungen entstanden sind, werden ausgeschlossen. Alle Angebote sind unverbindlich. Der Autor beh\u00e4lt es sich ausdr\u00fccklich vor, Teile der Seiten oder das gesamte Angebot ohne gesonderte Ank\u00fcndigung zu ver\u00e4ndern, zu erg\u00e4nzen, zu l\u00f6schen oder die Ver\u00f6ffentlichung zeitweise oder endg\u00fcltig einzustellen.<\/p><p>Haftung f\u00fcr Links: Verweise und Links auf Webseiten Dritter liegen ausserhalb unseres Verantwortungsbereichs Es wird jegliche Verantwortung f\u00fcr solche Webseiten abgelehnt. Der Zugriff und die Nutzung solcher Webseiten erfolgen auf eigene Gefahr des Nutzers oder der Nutzerin.<\/p><p>Urheberrechte: Die Urheber- und alle anderen Rechte an Inhalten, Bildern, Fotos oder anderen Dateien auf der Website geh\u00f6ren ausschliesslich\u00a0<strong>der Firma Uhren Klauber<\/strong>\u00a0oder den speziell genannten Rechtsinhabern. F\u00fcr die Reproduktion jeglicher Elemente ist die schriftliche Zustimmung der Urheberrechtstr\u00e4ger im Voraus einzuholen.<\/p><p>Bildrechte: Uhren Klauber,\u00a0Mediadome Werbeagentur<\/p>\t\t\t\t\t\t\t\t<\/div>\n\t\t\t\t\t<\/div>\n\t\t\t\t<\/div>\n\t\t\t\t<\/div>\n\t\t","protected":false},"excerpt":{"rendered":"<p>Impressum Uhren Klauber Lukas KlauberGrazer Stra\u00dfe 278850 Murau Tel.:\u00a0+43 35 32 22 07E-Mail:\u00a0toni@uhren-klauber.atWeb:\u00a0www.uhren-klauber.at \u00a0 Vertretungsberechtigte Personen:\u00a0Lukas Klauber Sitz des Unternehmens: MurauGerichtsstand: MurauHaftungsausschluss: Der Autor \u00fcbernimmt keinerlei Gew\u00e4hr hinsichtlich der inhaltlichen Richtigkeit, Genauigkeit, Aktualit\u00e4t, Zuverl\u00e4ssigkeit und Vollst\u00e4ndigkeit der Informationen. Haftungsanspr\u00fcche gegen den Autor wegen Sch\u00e4den materieller oder immaterieller Art, welche aus dem Zugriff oder der Nutzung [&hellip;]<\/p>\n","protected":false},"author":1,"featured_media":0,"parent":0,"menu_order":0,"comment_status":"closed","ping_status":"closed","template":"","meta":{"footnotes":""},"class_list":["post-22","page","type-page","status-publish","hentry"],"_links":{"self":[{"href":"https:\/\/dev.mediadome.at\/uhren-klauber\/index.php?rest_route=\/wp\/v2\/pages\/22","targetHints":{"allow":["GET"]}}],"collection":[{"href":"https:\/\/dev.mediadome.at\/uhren-klauber\/index.php?rest_route=\/wp\/v2\/pages"}],"about":[{"href":"https:\/\/dev.mediadome.at\/uhren-klauber\/index.php?rest_route=\/wp\/v2\/types\/page"}],"author":[{"embeddable":true,"href":"https:\/\/dev.mediadome.at\/uhren-klauber\/index.php?rest_route=\/wp\/v2\/users\/1"}],"replies":[{"embeddable":true,"href":"https:\/\/dev.mediadome.at\/uhren-klauber\/index.php?rest_route=%2Fwp%2Fv2%2Fcomments&post=22"}],"version-history":[{"count":13,"href":"https:\/\/dev.mediadome.at\/uhren-klauber\/index.php?rest_route=\/wp\/v2\/pages\/22\/revisions"}],"predecessor-version":[{"id":45,"href":"https:\/\/dev.mediadome.at\/uhren-klauber\/index.php?rest_route=\/wp\/v2\/pages\/22\/revisions\/45"}],"wp:attachment":[{"href":"https:\/\/dev.mediadome.at\/uhren-klauber\/index.php?rest_route=%2Fwp%2Fv2%2Fmedia&parent=22"}],"curies":[{"name":"wp","href":"https:\/\/api.w.org\/{rel}","templated":true}]}}